{"id":15,"date":"2023-09-07T16:29:34","date_gmt":"2023-09-07T14:29:34","guid":{"rendered":"http:\/\/msryjwr.cluster021.hosting.ovh.net\/?page_id=15"},"modified":"2023-12-08T10:42:50","modified_gmt":"2023-12-08T09:42:50","slug":"avec-jeanne-estheticienne-a-domicile","status":"publish","type":"page","link":"https:\/\/www.avec-jeanne.fr\/","title":{"rendered":"Accueil"},"content":{"rendered":"\t\t<div data-elementor-type=\"wp-page\" data-elementor-id=\"15\" class=\"elementor elementor-15\">\n\t\t\t\t\t\t\t\t\t<section class=\"elementor-section elementor-top-section elementor-element elementor-element-7ab3052 elementor-section-full_width elementor-section-height-min-height elementor-section-stretched elementor-section-height-default elementor-section-items-middle\" data-id=\"7ab3052\" data-element_type=\"section\" data-settings=\"{&quot;stretch_section&quot;:&quot;section-stretched&quot;,&quot;background_background&quot;:&quot;classic&quot;}\">\n\t\t\t\t\t\t\t<div class=\"elementor-background-overlay\"><\/div>\n\t\t\t\t\t\t\t<div class=\"elementor-container elementor-column-gap-default\">\n\t\t\t\t\t<div class=\"elementor-column elementor-col-100 elementor-top-column elementor-element elementor-element-de6abfc\" data-id=\"de6abfc\" data-element_type=\"column\">\n\t\t\t<div class=\"elementor-widget-wrap elementor-element-populated\">\n\t\t\t\t\t\t\t\t<div class=\"elementor-element elementor-element-b1d23ba elementor-widget elementor-widget-heading\" data-id=\"b1d23ba\" data-element_type=\"widget\" data-widget_type=\"heading.default\">\n\t\t\t\t<div class=\"elementor-widget-container\">\n\t\t\t<style>\/*! elementor - v3.15.0 - 20-08-2023 *\/\n.elementor-heading-title{padding:0;margin:0;line-height:1}.elementor-widget-heading .elementor-heading-title[class*=elementor-size-]>a{color:inherit;font-size:inherit;line-height:inherit}.elementor-widget-heading .elementor-heading-title.elementor-size-small{font-size:15px}.elementor-widget-heading .elementor-heading-title.elementor-size-medium{font-size:19px}.elementor-widget-heading .elementor-heading-title.elementor-size-large{font-size:29px}.elementor-widget-heading .elementor-heading-title.elementor-size-xl{font-size:39px}.elementor-widget-heading .elementor-heading-title.elementor-size-xxl{font-size:59px}<\/style><h2 class=\"elementor-heading-title elementor-size-default\">Esth\u00e9ticienne \u00e0 domicile<\/h2>\t\t<\/div>\n\t\t\t\t<\/div>\n\t\t\t\t<div class=\"elementor-element elementor-element-a9a325d elementor-widget elementor-widget-heading\" data-id=\"a9a325d\" data-element_type=\"widget\" data-widget_type=\"heading.default\">\n\t\t\t\t<div class=\"elementor-widget-container\">\n\t\t\t<h2 class=\"elementor-heading-title elementor-size-default\">Votre beaut\u00e9 au naturel<\/h2>\t\t<\/div>\n\t\t\t\t<\/div>\n\t\t\t\t\t<\/div>\n\t\t<\/div>\n\t\t\t\t\t\t\t<\/div>\n\t\t<\/section>\n\t\t\t\t<section class=\"elementor-section elementor-top-section elementor-element elementor-element-4a3104a elementor-section-boxed elementor-section-height-default elementor-section-height-default\" data-id=\"4a3104a\" data-element_type=\"section\">\n\t\t\t\t\t\t<div class=\"elementor-container elementor-column-gap-default\">\n\t\t\t\t\t<div class=\"elementor-column elementor-col-100 elementor-top-column elementor-element elementor-element-66db7c6\" data-id=\"66db7c6\" data-element_type=\"column\">\n\t\t\t<div class=\"elementor-widget-wrap elementor-element-populated\">\n\t\t\t\t\t\t\t\t<div class=\"elementor-element elementor-element-bde1af5 elementor-widget elementor-widget-heading\" data-id=\"bde1af5\" data-element_type=\"widget\" data-widget_type=\"heading.default\">\n\t\t\t\t<div class=\"elementor-widget-container\">\n\t\t\t<h2 class=\"elementor-heading-title elementor-size-default\">\u00c0 propos<\/h2>\t\t<\/div>\n\t\t\t\t<\/div>\n\t\t\t\t<div class=\"elementor-element elementor-element-5a0bdb4 elementor-widget elementor-widget-spacer\" data-id=\"5a0bdb4\" data-element_type=\"widget\" data-widget_type=\"spacer.default\">\n\t\t\t\t<div class=\"elementor-widget-container\">\n\t\t\t<style>\/*! elementor - v3.15.0 - 20-08-2023 *\/\n.elementor-column .elementor-spacer-inner{height:var(--spacer-size)}.e-con{--container-widget-width:100%}.e-con-inner>.elementor-widget-spacer,.e-con>.elementor-widget-spacer{width:var(--container-widget-width,var(--spacer-size));--align-self:var(--container-widget-align-self,initial);--flex-shrink:0}.e-con-inner>.elementor-widget-spacer>.elementor-widget-container,.e-con-inner>.elementor-widget-spacer>.elementor-widget-container>.elementor-spacer,.e-con>.elementor-widget-spacer>.elementor-widget-container,.e-con>.elementor-widget-spacer>.elementor-widget-container>.elementor-spacer{height:100%}.e-con-inner>.elementor-widget-spacer>.elementor-widget-container>.elementor-spacer>.elementor-spacer-inner,.e-con>.elementor-widget-spacer>.elementor-widget-container>.elementor-spacer>.elementor-spacer-inner{height:var(--container-widget-height,var(--spacer-size))}<\/style>\t\t<div class=\"elementor-spacer\">\n\t\t\t<div class=\"elementor-spacer-inner\"><\/div>\n\t\t<\/div>\n\t\t\t\t<\/div>\n\t\t\t\t<\/div>\n\t\t\t\t\t<\/div>\n\t\t<\/div>\n\t\t\t\t\t\t\t<\/div>\n\t\t<\/section>\n\t\t\t\t<section class=\"elementor-section elementor-top-section elementor-element elementor-element-bd96fd3 elementor-section-boxed elementor-section-height-default elementor-section-height-default\" data-id=\"bd96fd3\" data-element_type=\"section\">\n\t\t\t\t\t\t<div class=\"elementor-container elementor-column-gap-default\">\n\t\t\t\t\t<div class=\"elementor-column elementor-col-50 elementor-top-column elementor-element elementor-element-2a64bf7\" data-id=\"2a64bf7\" data-element_type=\"column\">\n\t\t\t<div class=\"elementor-widget-wrap elementor-element-populated\">\n\t\t\t\t\t\t\t\t<div class=\"elementor-element elementor-element-e2f0f3c elementor-widget elementor-widget-text-editor\" data-id=\"e2f0f3c\" data-element_type=\"widget\" data-widget_type=\"text-editor.default\">\n\t\t\t\t<div class=\"elementor-widget-container\">\n\t\t\t<style>\/*! elementor - v3.15.0 - 20-08-2023 *\/\n.elementor-widget-text-editor.elementor-drop-cap-view-stacked .elementor-drop-cap{background-color:#69727d;color:#fff}.elementor-widget-text-editor.elementor-drop-cap-view-framed .elementor-drop-cap{color:#69727d;border:3px solid;background-color:transparent}.elementor-widget-text-editor:not(.elementor-drop-cap-view-default) .elementor-drop-cap{margin-top:8px}.elementor-widget-text-editor:not(.elementor-drop-cap-view-default) .elementor-drop-cap-letter{width:1em;height:1em}.elementor-widget-text-editor .elementor-drop-cap{float:left;text-align:center;line-height:1;font-size:50px}.elementor-widget-text-editor .elementor-drop-cap-letter{display:inline-block}<\/style>\t\t\t\t<p class=\"font_8\">Esth\u00e9ticienne depuis 9 ans et passionn\u00e9e par mon m\u00e9tier, je vous propose des prestations esth\u00e9tiques \u00e0 votre domicile, r\u00e9alis\u00e9es dans la bonne humeur, l&rsquo;\u00e9coute et la bienveillance.<\/p><p class=\"font_8\">Des soins personnalis\u00e9s avec une gamme de produits Bio s\u00e9lectionn\u00e9s pour le respect de votre peau et de l\u2019environnement.<\/p><p class=\"font_8\">J&rsquo;ai \u00e0 c\u0153ur de proposer un esth\u00e9tique plus \u00e9thique et \u00e9cologique, en utilisant des cotons lavables pour les soins, en rempla\u00e7ant les draps jetables par des draps en coton, ou encore en proposant des produits fran\u00e7ais.<\/p><p>Avec Jeanne se d\u00e9place sur Lomme et ses alentours<\/p>\t\t\t\t\t\t<\/div>\n\t\t\t\t<\/div>\n\t\t\t\t\t<\/div>\n\t\t<\/div>\n\t\t\t\t<div class=\"elementor-column elementor-col-50 elementor-top-column elementor-element elementor-element-f5c2347\" data-id=\"f5c2347\" data-element_type=\"column\">\n\t\t\t<div class=\"elementor-widget-wrap elementor-element-populated\">\n\t\t\t\t\t\t\t\t<div class=\"elementor-element elementor-element-c20c546 elementor-widget elementor-widget-image\" data-id=\"c20c546\" data-element_type=\"widget\" data-widget_type=\"image.default\">\n\t\t\t\t<div class=\"elementor-widget-container\">\n\t\t\t<style>\/*! elementor - v3.15.0 - 20-08-2023 *\/\n.elementor-widget-image{text-align:center}.elementor-widget-image a{display:inline-block}.elementor-widget-image a img[src$=\".svg\"]{width:48px}.elementor-widget-image img{vertical-align:middle;display:inline-block}<\/style>\t\t\t\t\t\t\t\t\t\t\t\t<img loading=\"lazy\" decoding=\"async\" width=\"320\" height=\"432\" src=\"https:\/\/www.avec-jeanne.fr\/wp-content\/uploads\/2023\/09\/photo-jeanne.png\" class=\"attachment-large size-large wp-image-62\" alt=\"\" srcset=\"https:\/\/www.avec-jeanne.fr\/wp-content\/uploads\/2023\/09\/photo-jeanne.png 320w, https:\/\/www.avec-jeanne.fr\/wp-content\/uploads\/2023\/09\/photo-jeanne-222x300.png 222w\" sizes=\"auto, (max-width: 320px) 100vw, 320px\" \/>\t\t\t\t\t\t\t\t\t\t\t\t\t\t\t<\/div>\n\t\t\t\t<\/div>\n\t\t\t\t\t<\/div>\n\t\t<\/div>\n\t\t\t\t\t\t\t<\/div>\n\t\t<\/section>\n\t\t\t\t<section class=\"elementor-section elementor-top-section elementor-element elementor-element-d608836 elementor-section-boxed elementor-section-height-default elementor-section-height-default\" data-id=\"d608836\" data-element_type=\"section\">\n\t\t\t\t\t\t<div class=\"elementor-container elementor-column-gap-default\">\n\t\t\t\t\t<div class=\"elementor-column elementor-col-100 elementor-top-column elementor-element elementor-element-02d1a38\" data-id=\"02d1a38\" data-element_type=\"column\">\n\t\t\t<div class=\"elementor-widget-wrap elementor-element-populated\">\n\t\t\t\t\t\t\t\t<div class=\"elementor-element elementor-element-c6922ba elementor-widget elementor-widget-spacer\" data-id=\"c6922ba\" data-element_type=\"widget\" data-widget_type=\"spacer.default\">\n\t\t\t\t<div class=\"elementor-widget-container\">\n\t\t\t\t\t<div class=\"elementor-spacer\">\n\t\t\t<div class=\"elementor-spacer-inner\"><\/div>\n\t\t<\/div>\n\t\t\t\t<\/div>\n\t\t\t\t<\/div>\n\t\t\t\t<div class=\"elementor-element elementor-element-46ba0e8 elementor-widget elementor-widget-heading\" data-id=\"46ba0e8\" data-element_type=\"widget\" data-widget_type=\"heading.default\">\n\t\t\t\t<div class=\"elementor-widget-container\">\n\t\t\t<h2 class=\"elementor-heading-title elementor-size-default\">Me contacter<\/h2>\t\t<\/div>\n\t\t\t\t<\/div>\n\t\t\t\t<div class=\"elementor-element elementor-element-2548054 elementor-widget elementor-widget-spacer\" data-id=\"2548054\" data-element_type=\"widget\" data-widget_type=\"spacer.default\">\n\t\t\t\t<div class=\"elementor-widget-container\">\n\t\t\t\t\t<div class=\"elementor-spacer\">\n\t\t\t<div class=\"elementor-spacer-inner\"><\/div>\n\t\t<\/div>\n\t\t\t\t<\/div>\n\t\t\t\t<\/div>\n\t\t\t\t<div class=\"elementor-element elementor-element-71dea61 elementor-view-default elementor-widget elementor-widget-icon\" data-id=\"71dea61\" data-element_type=\"widget\" data-widget_type=\"icon.default\">\n\t\t\t\t<div class=\"elementor-widget-container\">\n\t\t\t\t\t<div class=\"elementor-icon-wrapper\">\n\t\t\t<div class=\"elementor-icon\">\n\t\t\t<i aria-hidden=\"true\" class=\"fas fa-phone\"><\/i>\t\t\t<\/div>\n\t\t<\/div>\n\t\t\t\t<\/div>\n\t\t\t\t<\/div>\n\t\t\t\t<div class=\"elementor-element elementor-element-be2a1c1 elementor-widget elementor-widget-text-editor\" data-id=\"be2a1c1\" data-element_type=\"widget\" data-widget_type=\"text-editor.default\">\n\t\t\t\t<div class=\"elementor-widget-container\">\n\t\t\t\t\t\t\t<p>06.27.77.53.17<\/p>\t\t\t\t\t\t<\/div>\n\t\t\t\t<\/div>\n\t\t\t\t\t<\/div>\n\t\t<\/div>\n\t\t\t\t\t\t\t<\/div>\n\t\t<\/section>\n\t\t\t\t<section class=\"elementor-section elementor-top-section elementor-element elementor-element-4a10d35 elementor-section-boxed elementor-section-height-default elementor-section-height-default\" data-id=\"4a10d35\" data-element_type=\"section\">\n\t\t\t\t\t\t<div class=\"elementor-container elementor-column-gap-default\">\n\t\t\t\t\t<div class=\"elementor-column elementor-col-100 elementor-top-column elementor-element elementor-element-909ee5d\" data-id=\"909ee5d\" data-element_type=\"column\">\n\t\t\t<div class=\"elementor-widget-wrap elementor-element-populated\">\n\t\t\t\t\t\t\t\t<div class=\"elementor-element elementor-element-834f689 elementor-view-default elementor-widget elementor-widget-icon\" data-id=\"834f689\" data-element_type=\"widget\" data-widget_type=\"icon.default\">\n\t\t\t\t<div class=\"elementor-widget-container\">\n\t\t\t\t\t<div class=\"elementor-icon-wrapper\">\n\t\t\t<div class=\"elementor-icon\">\n\t\t\t<i aria-hidden=\"true\" class=\"far fa-envelope\"><\/i>\t\t\t<\/div>\n\t\t<\/div>\n\t\t\t\t<\/div>\n\t\t\t\t<\/div>\n\t\t\t\t<div class=\"elementor-element elementor-element-3d0013c elementor-widget elementor-widget-text-editor\" data-id=\"3d0013c\" data-element_type=\"widget\" data-widget_type=\"text-editor.default\">\n\t\t\t\t<div class=\"elementor-widget-container\">\n\t\t\t\t\t\t\t<p>avecjeanneadomicile@gmail.com<\/p>\t\t\t\t\t\t<\/div>\n\t\t\t\t<\/div>\n\t\t\t\t\t<\/div>\n\t\t<\/div>\n\t\t\t\t\t\t\t<\/div>\n\t\t<\/section>\n\t\t\t\t<section class=\"elementor-section elementor-top-section elementor-element elementor-element-2c43d1c elementor-section-boxed elementor-section-height-default elementor-section-height-default\" data-id=\"2c43d1c\" data-element_type=\"section\">\n\t\t\t\t\t\t<div class=\"elementor-container elementor-column-gap-default\">\n\t\t\t\t\t<div class=\"elementor-column elementor-col-100 elementor-top-column elementor-element elementor-element-a40eb9a\" data-id=\"a40eb9a\" data-element_type=\"column\">\n\t\t\t<div class=\"elementor-widget-wrap elementor-element-populated\">\n\t\t\t\t\t\t\t\t<div class=\"elementor-element elementor-element-5f3fe75 elementor-widget elementor-widget-text-editor\" data-id=\"5f3fe75\" data-element_type=\"widget\" data-widget_type=\"text-editor.default\">\n\t\t\t\t<div class=\"elementor-widget-container\">\n\t\t\t\t\t\t\t<p><strong>Des frais de d\u00e9placement sont appliqu\u00e9s, \u00e0 hauteur de 5 \u20ac.<\/strong><\/p>\t\t\t\t\t\t<\/div>\n\t\t\t\t<\/div>\n\t\t\t\t<div class=\"elementor-element elementor-element-f617461 elementor-widget elementor-widget-spacer\" data-id=\"f617461\" data-element_type=\"widget\" data-widget_type=\"spacer.default\">\n\t\t\t\t<div class=\"elementor-widget-container\">\n\t\t\t\t\t<div class=\"elementor-spacer\">\n\t\t\t<div class=\"elementor-spacer-inner\"><\/div>\n\t\t<\/div>\n\t\t\t\t<\/div>\n\t\t\t\t<\/div>\n\t\t\t\t\t<\/div>\n\t\t<\/div>\n\t\t\t\t\t\t\t<\/div>\n\t\t<\/section>\n\t\t\t\t<section class=\"elementor-section elementor-top-section elementor-element elementor-element-552841a elementor-section-boxed elementor-section-height-default elementor-section-height-default\" data-id=\"552841a\" data-element_type=\"section\">\n\t\t\t\t\t\t<div class=\"elementor-container elementor-column-gap-default\">\n\t\t\t\t\t<div class=\"elementor-column elementor-col-100 elementor-top-column elementor-element elementor-element-46ebb07\" data-id=\"46ebb07\" data-element_type=\"column\">\n\t\t\t<div class=\"elementor-widget-wrap elementor-element-populated\">\n\t\t\t\t\t\t\t\t<div class=\"elementor-element elementor-element-e28f4be elementor-widget elementor-widget-heading\" data-id=\"e28f4be\" data-element_type=\"widget\" data-widget_type=\"heading.default\">\n\t\t\t\t<div class=\"elementor-widget-container\">\n\t\t\t<h2 class=\"elementor-heading-title elementor-size-default\">Carte cadeau<\/h2>\t\t<\/div>\n\t\t\t\t<\/div>\n\t\t\t\t<div class=\"elementor-element elementor-element-46dc602 elementor-widget elementor-widget-spacer\" data-id=\"46dc602\" data-element_type=\"widget\" data-widget_type=\"spacer.default\">\n\t\t\t\t<div class=\"elementor-widget-container\">\n\t\t\t\t\t<div class=\"elementor-spacer\">\n\t\t\t<div class=\"elementor-spacer-inner\"><\/div>\n\t\t<\/div>\n\t\t\t\t<\/div>\n\t\t\t\t<\/div>\n\t\t\t\t\t<\/div>\n\t\t<\/div>\n\t\t\t\t\t\t\t<\/div>\n\t\t<\/section>\n\t\t\t\t<section class=\"elementor-section elementor-top-section elementor-element elementor-element-13eed3f elementor-section-boxed elementor-section-height-default elementor-section-height-default\" data-id=\"13eed3f\" data-element_type=\"section\">\n\t\t\t\t\t\t<div class=\"elementor-container elementor-column-gap-default\">\n\t\t\t\t\t<div class=\"elementor-column elementor-col-50 elementor-top-column elementor-element elementor-element-43640c3\" data-id=\"43640c3\" data-element_type=\"column\">\n\t\t\t<div class=\"elementor-widget-wrap elementor-element-populated\">\n\t\t\t\t\t\t\t\t<div class=\"elementor-element elementor-element-520a97b elementor-widget elementor-widget-text-editor\" data-id=\"520a97b\" data-element_type=\"widget\" data-widget_type=\"text-editor.default\">\n\t\t\t\t<div class=\"elementor-widget-container\">\n\t\t\t\t\t\t\t<p>Offrez une pause bien-\u00eatre \u00e0 vos proches !<\/p><p>Faites leur plaisir avec une carte cadeau.<\/p><p>\u00a0<\/p><p><em>Valable 6 mois \u00e0 partir de la date d&rsquo;achat.<\/em><\/p><p><em>Non remboursable.<\/em><\/p>\t\t\t\t\t\t<\/div>\n\t\t\t\t<\/div>\n\t\t\t\t\t<\/div>\n\t\t<\/div>\n\t\t\t\t<div class=\"elementor-column elementor-col-50 elementor-top-column elementor-element elementor-element-bb6f528\" data-id=\"bb6f528\" data-element_type=\"column\">\n\t\t\t<div class=\"elementor-widget-wrap elementor-element-populated\">\n\t\t\t\t\t\t\t\t<div class=\"elementor-element elementor-element-26040fa elementor-widget elementor-widget-image\" data-id=\"26040fa\" data-element_type=\"widget\" data-widget_type=\"image.default\">\n\t\t\t\t<div class=\"elementor-widget-container\">\n\t\t\t\t\t\t\t\t\t\t\t\t\t\t\t<img loading=\"lazy\" decoding=\"async\" width=\"768\" height=\"927\" src=\"https:\/\/www.avec-jeanne.fr\/wp-content\/uploads\/2023\/12\/IMG-7878-768x927.jpg\" class=\"attachment-medium_large size-medium_large wp-image-390\" alt=\"\" srcset=\"https:\/\/www.avec-jeanne.fr\/wp-content\/uploads\/2023\/12\/IMG-7878-768x927.jpg 768w, https:\/\/www.avec-jeanne.fr\/wp-content\/uploads\/2023\/12\/IMG-7878-248x300.jpg 248w, https:\/\/www.avec-jeanne.fr\/wp-content\/uploads\/2023\/12\/IMG-7878-848x1024.jpg 848w, https:\/\/www.avec-jeanne.fr\/wp-content\/uploads\/2023\/12\/IMG-7878-1272x1536.jpg 1272w, https:\/\/www.avec-jeanne.fr\/wp-content\/uploads\/2023\/12\/IMG-7878-1696x2048.jpg 1696w\" sizes=\"auto, (max-width: 768px) 100vw, 768px\" \/>\t\t\t\t\t\t\t\t\t\t\t\t\t\t\t<\/div>\n\t\t\t\t<\/div>\n\t\t\t\t\t<\/div>\n\t\t<\/div>\n\t\t\t\t\t\t\t<\/div>\n\t\t<\/section>\n\t\t\t\t\t\t\t<\/div>\n\t\t","protected":false},"excerpt":{"rendered":"<p>Esth\u00e9ticienne \u00e0 domicile Votre beaut\u00e9 au naturel \u00c0 propos Esth\u00e9ticienne depuis 9 ans et passionn\u00e9e par mon m\u00e9tier, je vous propose des prestations esth\u00e9tiques \u00e0 votre domicile, r\u00e9alis\u00e9es dans la bonne humeur, l&rsquo;\u00e9coute et la bienveillance. Des soins personnalis\u00e9s avec une gamme de produits Bio s\u00e9lectionn\u00e9s pour le respect de votre peau et de l\u2019environnement. [&hellip;]<\/p>\n","protected":false},"author":1,"featured_media":0,"parent":0,"menu_order":0,"comment_status":"closed","ping_status":"closed","template":"","meta":{"footnotes":""},"class_list":["post-15","page","type-page","status-publish","hentry","entry"],"yoast_head":"<!-- This site is optimized with the Yoast SEO plugin v21.1 - https:\/\/yoast.com\/wordpress\/plugins\/seo\/ -->\n<title>Avec Jeanne - Esth\u00e9ticienne \u00e0 domicile Lomme<\/title>\n<meta name=\"description\" content=\"Je me d\u00e9place chez vous pour r\u00e9aliser la prestation qu&#039;il vous faut, \u00e9pilation, soin visage, soin corps, manucure, rehaussement...\" \/>\n<meta name=\"robots\" content=\"index, follow, max-snippet:-1, max-image-preview:large, max-video-preview:-1\" \/>\n<link rel=\"canonical\" href=\"https:\/\/www.avec-jeanne.fr\/\" \/>\n<meta property=\"og:locale\" content=\"fr_FR\" \/>\n<meta property=\"og:type\" content=\"article\" \/>\n<meta property=\"og:title\" content=\"Avec Jeanne - Esth\u00e9ticienne \u00e0 domicile Lomme\" \/>\n<meta property=\"og:description\" content=\"Je me d\u00e9place chez vous pour r\u00e9aliser la prestation qu&#039;il vous faut, \u00e9pilation, soin visage, soin corps, manucure, rehaussement...\" \/>\n<meta property=\"og:url\" content=\"https:\/\/www.avec-jeanne.fr\/\" \/>\n<meta property=\"og:site_name\" content=\"Avec Jeanne\" \/>\n<meta property=\"article:modified_time\" content=\"2023-12-08T09:42:50+00:00\" \/>\n<meta property=\"og:image\" content=\"https:\/\/www.avec-jeanne.fr\/wp-content\/uploads\/2023\/09\/photo-jeanne.png\" \/>\n<meta name=\"twitter:card\" content=\"summary_large_image\" \/>\n<meta name=\"twitter:label1\" content=\"Dur\u00e9e de lecture estim\u00e9e\" \/>\n\t<meta name=\"twitter:data1\" content=\"2 minutes\" \/>\n<script type=\"application\/ld+json\" class=\"yoast-schema-graph\">{\"@context\":\"https:\/\/schema.org\",\"@graph\":[{\"@type\":\"WebPage\",\"@id\":\"https:\/\/www.avec-jeanne.fr\/\",\"url\":\"https:\/\/www.avec-jeanne.fr\/\",\"name\":\"Avec Jeanne - Esth\u00e9ticienne \u00e0 domicile Lomme\",\"isPartOf\":{\"@id\":\"https:\/\/www.avec-jeanne.fr\/#website\"},\"datePublished\":\"2023-09-07T14:29:34+00:00\",\"dateModified\":\"2023-12-08T09:42:50+00:00\",\"description\":\"Je me d\u00e9place chez vous pour r\u00e9aliser la prestation qu'il vous faut, \u00e9pilation, soin visage, soin corps, manucure, rehaussement...\",\"breadcrumb\":{\"@id\":\"https:\/\/www.avec-jeanne.fr\/#breadcrumb\"},\"inLanguage\":\"fr-FR\",\"potentialAction\":[{\"@type\":\"ReadAction\",\"target\":[\"https:\/\/www.avec-jeanne.fr\/\"]}]},{\"@type\":\"BreadcrumbList\",\"@id\":\"https:\/\/www.avec-jeanne.fr\/#breadcrumb\",\"itemListElement\":[{\"@type\":\"ListItem\",\"position\":1,\"name\":\"Accueil\",\"item\":\"https:\/\/www.avec-jeanne.fr\/\"},{\"@type\":\"ListItem\",\"position\":2,\"name\":\"Accueil\"}]},{\"@type\":\"WebSite\",\"@id\":\"https:\/\/www.avec-jeanne.fr\/#website\",\"url\":\"https:\/\/www.avec-jeanne.fr\/\",\"name\":\"Avec Jeanne\",\"description\":\"Votre esth\u00e9ticienne \u00e0 domicile\",\"publisher\":{\"@id\":\"https:\/\/www.avec-jeanne.fr\/#organization\"},\"potentialAction\":[{\"@type\":\"SearchAction\",\"target\":{\"@type\":\"EntryPoint\",\"urlTemplate\":\"https:\/\/www.avec-jeanne.fr\/?s={search_term_string}\"},\"query-input\":\"required name=search_term_string\"}],\"inLanguage\":\"fr-FR\"},{\"@type\":\"Organization\",\"@id\":\"https:\/\/www.avec-jeanne.fr\/#organization\",\"name\":\"Avec Jeanne\",\"url\":\"https:\/\/www.avec-jeanne.fr\/\",\"logo\":{\"@type\":\"ImageObject\",\"inLanguage\":\"fr-FR\",\"@id\":\"https:\/\/www.avec-jeanne.fr\/#\/schema\/logo\/image\/\",\"url\":\"https:\/\/www.avec-jeanne.fr\/wp-content\/uploads\/2023\/09\/cropped-logo-avec-jeanne-3.png\",\"contentUrl\":\"https:\/\/www.avec-jeanne.fr\/wp-content\/uploads\/2023\/09\/cropped-logo-avec-jeanne-3.png\",\"width\":982,\"height\":981,\"caption\":\"Avec Jeanne\"},\"image\":{\"@id\":\"https:\/\/www.avec-jeanne.fr\/#\/schema\/logo\/image\/\"}}]}<\/script>\n<!-- \/ Yoast SEO plugin. -->","yoast_head_json":{"title":"Avec Jeanne - Esth\u00e9ticienne \u00e0 domicile Lomme","description":"Je me d\u00e9place chez vous pour r\u00e9aliser la prestation qu'il vous faut, \u00e9pilation, soin visage, soin corps, manucure, rehaussement...","robots":{"index":"index","follow":"follow","max-snippet":"max-snippet:-1","max-image-preview":"max-image-preview:large","max-video-preview":"max-video-preview:-1"},"canonical":"https:\/\/www.avec-jeanne.fr\/","og_locale":"fr_FR","og_type":"article","og_title":"Avec Jeanne - Esth\u00e9ticienne \u00e0 domicile Lomme","og_description":"Je me d\u00e9place chez vous pour r\u00e9aliser la prestation qu'il vous faut, \u00e9pilation, soin visage, soin corps, manucure, rehaussement...","og_url":"https:\/\/www.avec-jeanne.fr\/","og_site_name":"Avec Jeanne","article_modified_time":"2023-12-08T09:42:50+00:00","og_image":[{"url":"https:\/\/www.avec-jeanne.fr\/wp-content\/uploads\/2023\/09\/photo-jeanne.png"}],"twitter_card":"summary_large_image","twitter_misc":{"Dur\u00e9e de lecture estim\u00e9e":"2 minutes"},"schema":{"@context":"https:\/\/schema.org","@graph":[{"@type":"WebPage","@id":"https:\/\/www.avec-jeanne.fr\/","url":"https:\/\/www.avec-jeanne.fr\/","name":"Avec Jeanne - Esth\u00e9ticienne \u00e0 domicile Lomme","isPartOf":{"@id":"https:\/\/www.avec-jeanne.fr\/#website"},"datePublished":"2023-09-07T14:29:34+00:00","dateModified":"2023-12-08T09:42:50+00:00","description":"Je me d\u00e9place chez vous pour r\u00e9aliser la prestation qu'il vous faut, \u00e9pilation, soin visage, soin corps, manucure, rehaussement...","breadcrumb":{"@id":"https:\/\/www.avec-jeanne.fr\/#breadcrumb"},"inLanguage":"fr-FR","potentialAction":[{"@type":"ReadAction","target":["https:\/\/www.avec-jeanne.fr\/"]}]},{"@type":"BreadcrumbList","@id":"https:\/\/www.avec-jeanne.fr\/#breadcrumb","itemListElement":[{"@type":"ListItem","position":1,"name":"Accueil","item":"https:\/\/www.avec-jeanne.fr\/"},{"@type":"ListItem","position":2,"name":"Accueil"}]},{"@type":"WebSite","@id":"https:\/\/www.avec-jeanne.fr\/#website","url":"https:\/\/www.avec-jeanne.fr\/","name":"Avec Jeanne","description":"Votre esth\u00e9ticienne \u00e0 domicile","publisher":{"@id":"https:\/\/www.avec-jeanne.fr\/#organization"},"potentialAction":[{"@type":"SearchAction","target":{"@type":"EntryPoint","urlTemplate":"https:\/\/www.avec-jeanne.fr\/?s={search_term_string}"},"query-input":"required name=search_term_string"}],"inLanguage":"fr-FR"},{"@type":"Organization","@id":"https:\/\/www.avec-jeanne.fr\/#organization","name":"Avec Jeanne","url":"https:\/\/www.avec-jeanne.fr\/","logo":{"@type":"ImageObject","inLanguage":"fr-FR","@id":"https:\/\/www.avec-jeanne.fr\/#\/schema\/logo\/image\/","url":"https:\/\/www.avec-jeanne.fr\/wp-content\/uploads\/2023\/09\/cropped-logo-avec-jeanne-3.png","contentUrl":"https:\/\/www.avec-jeanne.fr\/wp-content\/uploads\/2023\/09\/cropped-logo-avec-jeanne-3.png","width":982,"height":981,"caption":"Avec Jeanne"},"image":{"@id":"https:\/\/www.avec-jeanne.fr\/#\/schema\/logo\/image\/"}}]}},"jetpack_sharing_enabled":true,"_links":{"self":[{"href":"https:\/\/www.avec-jeanne.fr\/index.php\/wp-json\/wp\/v2\/pages\/15","targetHints":{"allow":["GET"]}}],"collection":[{"href":"https:\/\/www.avec-jeanne.fr\/index.php\/wp-json\/wp\/v2\/pages"}],"about":[{"href":"https:\/\/www.avec-jeanne.fr\/index.php\/wp-json\/wp\/v2\/types\/page"}],"author":[{"embeddable":true,"href":"https:\/\/www.avec-jeanne.fr\/index.php\/wp-json\/wp\/v2\/users\/1"}],"replies":[{"embeddable":true,"href":"https:\/\/www.avec-jeanne.fr\/index.php\/wp-json\/wp\/v2\/comments?post=15"}],"version-history":[{"count":58,"href":"https:\/\/www.avec-jeanne.fr\/index.php\/wp-json\/wp\/v2\/pages\/15\/revisions"}],"predecessor-version":[{"id":393,"href":"https:\/\/www.avec-jeanne.fr\/index.php\/wp-json\/wp\/v2\/pages\/15\/revisions\/393"}],"wp:attachment":[{"href":"https:\/\/www.avec-jeanne.fr\/index.php\/wp-json\/wp\/v2\/media?parent=15"}],"curies":[{"name":"wp","href":"https:\/\/api.w.org\/{rel}","templated":true}]}}