{"id":30,"date":"2023-09-07T16:34:08","date_gmt":"2023-09-07T14:34:08","guid":{"rendered":"http:\/\/msryjwr.cluster021.hosting.ovh.net\/?page_id=30"},"modified":"2023-10-12T13:42:33","modified_gmt":"2023-10-12T11:42:33","slug":"soin-corps","status":"publish","type":"page","link":"https:\/\/www.avec-jeanne.fr\/index.php\/soin-corps\/","title":{"rendered":"Soins du corps"},"content":{"rendered":"\t\t<div data-elementor-type=\"wp-page\" data-elementor-id=\"30\" class=\"elementor elementor-30\">\n\t\t\t\t\t\t\t\t\t<section class=\"elementor-section elementor-top-section elementor-element elementor-element-e6fdd81 elementor-section-boxed elementor-section-height-default elementor-section-height-default\" data-id=\"e6fdd81\" data-element_type=\"section\">\n\t\t\t\t\t\t<div class=\"elementor-container elementor-column-gap-default\">\n\t\t\t\t\t<div class=\"elementor-column elementor-col-100 elementor-top-column elementor-element elementor-element-3ce15eb\" data-id=\"3ce15eb\" data-element_type=\"column\">\n\t\t\t<div class=\"elementor-widget-wrap elementor-element-populated\">\n\t\t\t\t\t\t\t\t<div class=\"elementor-element elementor-element-5bf88f3 elementor-widget elementor-widget-heading\" data-id=\"5bf88f3\" data-element_type=\"widget\" data-widget_type=\"heading.default\">\n\t\t\t\t<div class=\"elementor-widget-container\">\n\t\t\t<style>\/*! elementor - v3.15.0 - 20-08-2023 *\/\n.elementor-heading-title{padding:0;margin:0;line-height:1}.elementor-widget-heading .elementor-heading-title[class*=elementor-size-]>a{color:inherit;font-size:inherit;line-height:inherit}.elementor-widget-heading .elementor-heading-title.elementor-size-small{font-size:15px}.elementor-widget-heading .elementor-heading-title.elementor-size-medium{font-size:19px}.elementor-widget-heading .elementor-heading-title.elementor-size-large{font-size:29px}.elementor-widget-heading .elementor-heading-title.elementor-size-xl{font-size:39px}.elementor-widget-heading .elementor-heading-title.elementor-size-xxl{font-size:59px}<\/style><h2 class=\"elementor-heading-title elementor-size-default\">Les soins du corps<\/h2>\t\t<\/div>\n\t\t\t\t<\/div>\n\t\t\t\t<div class=\"elementor-element elementor-element-e11a63f elementor-widget elementor-widget-text-editor\" data-id=\"e11a63f\" data-element_type=\"widget\" data-widget_type=\"text-editor.default\">\n\t\t\t\t<div class=\"elementor-widget-container\">\n\t\t\t<style>\/*! elementor - v3.15.0 - 20-08-2023 *\/\n.elementor-widget-text-editor.elementor-drop-cap-view-stacked .elementor-drop-cap{background-color:#69727d;color:#fff}.elementor-widget-text-editor.elementor-drop-cap-view-framed .elementor-drop-cap{color:#69727d;border:3px solid;background-color:transparent}.elementor-widget-text-editor:not(.elementor-drop-cap-view-default) .elementor-drop-cap{margin-top:8px}.elementor-widget-text-editor:not(.elementor-drop-cap-view-default) .elementor-drop-cap-letter{width:1em;height:1em}.elementor-widget-text-editor .elementor-drop-cap{float:left;text-align:center;line-height:1;font-size:50px}.elementor-widget-text-editor .elementor-drop-cap-letter{display:inline-block}<\/style>\t\t\t\t<p>Allongez-vous et laissez-vous transporter.<\/p>\t\t\t\t\t\t<\/div>\n\t\t\t\t<\/div>\n\t\t\t\t\t<\/div>\n\t\t<\/div>\n\t\t\t\t\t\t\t<\/div>\n\t\t<\/section>\n\t\t\t\t<section class=\"elementor-section elementor-top-section elementor-element elementor-element-b264f74 elementor-section-boxed elementor-section-height-default elementor-section-height-default\" data-id=\"b264f74\" data-element_type=\"section\">\n\t\t\t\t\t\t<div class=\"elementor-container elementor-column-gap-default\">\n\t\t\t\t\t<div class=\"elementor-column elementor-col-100 elementor-top-column elementor-element elementor-element-5cbe310\" data-id=\"5cbe310\" data-element_type=\"column\">\n\t\t\t<div class=\"elementor-widget-wrap elementor-element-populated\">\n\t\t\t\t\t\t\t\t<div class=\"elementor-element elementor-element-0962590 elementor-widget elementor-widget-spacer\" data-id=\"0962590\" data-element_type=\"widget\" data-widget_type=\"spacer.default\">\n\t\t\t\t<div class=\"elementor-widget-container\">\n\t\t\t<style>\/*! elementor - v3.15.0 - 20-08-2023 *\/\n.elementor-column .elementor-spacer-inner{height:var(--spacer-size)}.e-con{--container-widget-width:100%}.e-con-inner>.elementor-widget-spacer,.e-con>.elementor-widget-spacer{width:var(--container-widget-width,var(--spacer-size));--align-self:var(--container-widget-align-self,initial);--flex-shrink:0}.e-con-inner>.elementor-widget-spacer>.elementor-widget-container,.e-con-inner>.elementor-widget-spacer>.elementor-widget-container>.elementor-spacer,.e-con>.elementor-widget-spacer>.elementor-widget-container,.e-con>.elementor-widget-spacer>.elementor-widget-container>.elementor-spacer{height:100%}.e-con-inner>.elementor-widget-spacer>.elementor-widget-container>.elementor-spacer>.elementor-spacer-inner,.e-con>.elementor-widget-spacer>.elementor-widget-container>.elementor-spacer>.elementor-spacer-inner{height:var(--container-widget-height,var(--spacer-size))}<\/style>\t\t<div class=\"elementor-spacer\">\n\t\t\t<div class=\"elementor-spacer-inner\"><\/div>\n\t\t<\/div>\n\t\t\t\t<\/div>\n\t\t\t\t<\/div>\n\t\t\t\t\t<\/div>\n\t\t<\/div>\n\t\t\t\t\t\t\t<\/div>\n\t\t<\/section>\n\t\t\t\t<section class=\"elementor-section elementor-top-section elementor-element elementor-element-b8530fc elementor-section-boxed elementor-section-height-default elementor-section-height-default\" data-id=\"b8530fc\" data-element_type=\"section\">\n\t\t\t\t\t\t<div class=\"elementor-container elementor-column-gap-default\">\n\t\t\t\t\t<div class=\"elementor-column elementor-col-50 elementor-top-column elementor-element elementor-element-dfd481c\" data-id=\"dfd481c\" data-element_type=\"column\">\n\t\t\t<div class=\"elementor-widget-wrap elementor-element-populated\">\n\t\t\t\t\t\t\t\t<div class=\"elementor-element elementor-element-00cf43f elementor-widget elementor-widget-image\" data-id=\"00cf43f\" data-element_type=\"widget\" data-widget_type=\"image.default\">\n\t\t\t\t<div class=\"elementor-widget-container\">\n\t\t\t<style>\/*! elementor - v3.15.0 - 20-08-2023 *\/\n.elementor-widget-image{text-align:center}.elementor-widget-image a{display:inline-block}.elementor-widget-image a img[src$=\".svg\"]{width:48px}.elementor-widget-image img{vertical-align:middle;display:inline-block}<\/style>\t\t\t\t\t\t\t\t\t\t\t\t<img loading=\"lazy\" decoding=\"async\" width=\"1024\" height=\"683\" src=\"https:\/\/www.avec-jeanne.fr\/wp-content\/uploads\/2023\/09\/oswald-elsaboath-nhEIkQVj0iI-unsplash-1024x683.jpg\" class=\"attachment-large size-large wp-image-135\" alt=\"\" srcset=\"https:\/\/www.avec-jeanne.fr\/wp-content\/uploads\/2023\/09\/oswald-elsaboath-nhEIkQVj0iI-unsplash-1024x683.jpg 1024w, https:\/\/www.avec-jeanne.fr\/wp-content\/uploads\/2023\/09\/oswald-elsaboath-nhEIkQVj0iI-unsplash-300x200.jpg 300w, https:\/\/www.avec-jeanne.fr\/wp-content\/uploads\/2023\/09\/oswald-elsaboath-nhEIkQVj0iI-unsplash-768x512.jpg 768w, https:\/\/www.avec-jeanne.fr\/wp-content\/uploads\/2023\/09\/oswald-elsaboath-nhEIkQVj0iI-unsplash-1536x1024.jpg 1536w, https:\/\/www.avec-jeanne.fr\/wp-content\/uploads\/2023\/09\/oswald-elsaboath-nhEIkQVj0iI-unsplash-2048x1365.jpg 2048w\" sizes=\"auto, (max-width: 1024px) 100vw, 1024px\" \/>\t\t\t\t\t\t\t\t\t\t\t\t\t\t\t<\/div>\n\t\t\t\t<\/div>\n\t\t\t\t\t<\/div>\n\t\t<\/div>\n\t\t\t\t<div class=\"elementor-column elementor-col-50 elementor-top-column elementor-element elementor-element-8e9dc15\" data-id=\"8e9dc15\" data-element_type=\"column\">\n\t\t\t<div class=\"elementor-widget-wrap elementor-element-populated\">\n\t\t\t\t\t\t\t\t<div class=\"elementor-element elementor-element-2a8eb98 elementor-widget elementor-widget-heading\" data-id=\"2a8eb98\" data-element_type=\"widget\" data-widget_type=\"heading.default\">\n\t\t\t\t<div class=\"elementor-widget-container\">\n\t\t\t<h2 class=\"elementor-heading-title elementor-size-default\">Petit pause<\/h2>\t\t<\/div>\n\t\t\t\t<\/div>\n\t\t\t\t<div class=\"elementor-element elementor-element-b3164b1 elementor-widget elementor-widget-text-editor\" data-id=\"b3164b1\" data-element_type=\"widget\" data-widget_type=\"text-editor.default\">\n\t\t\t\t<div class=\"elementor-widget-container\">\n\t\t\t\t\t\t\t<p class=\"font_8\">Modelage de 15 minutes de la zone de votre choix :<\/p><ul class=\"font_8\"><li><p class=\"font_8\">Visage et d\u00e9collet\u00e9<\/p><\/li><li><p class=\"font_8\">Mains<\/p><\/li><li><p class=\"font_8\">Pieds<\/p><\/li><li><p class=\"font_8\">Jambes<\/p><\/li><li><p class=\"font_8\">Dos<\/p><\/li><\/ul>\t\t\t\t\t\t<\/div>\n\t\t\t\t<\/div>\n\t\t\t\t<div class=\"elementor-element elementor-element-21f2c04 elementor-widget elementor-widget-spacer\" data-id=\"21f2c04\" data-element_type=\"widget\" data-widget_type=\"spacer.default\">\n\t\t\t\t<div class=\"elementor-widget-container\">\n\t\t\t\t\t<div class=\"elementor-spacer\">\n\t\t\t<div class=\"elementor-spacer-inner\"><\/div>\n\t\t<\/div>\n\t\t\t\t<\/div>\n\t\t\t\t<\/div>\n\t\t\t\t<div class=\"elementor-element elementor-element-c26c521 elementor-widget__width-auto elementor-widget elementor-widget-heading\" data-id=\"c26c521\" data-element_type=\"widget\" data-widget_type=\"heading.default\">\n\t\t\t\t<div class=\"elementor-widget-container\">\n\t\t\t<h2 class=\"elementor-heading-title elementor-size-default\">Tarif : 20 \u20ac<\/h2>\t\t<\/div>\n\t\t\t\t<\/div>\n\t\t\t\t\t<\/div>\n\t\t<\/div>\n\t\t\t\t\t\t\t<\/div>\n\t\t<\/section>\n\t\t\t\t<section class=\"elementor-section elementor-top-section elementor-element elementor-element-ee28b85 elementor-section-boxed elementor-section-height-default elementor-section-height-default\" data-id=\"ee28b85\" data-element_type=\"section\">\n\t\t\t\t\t\t<div class=\"elementor-container elementor-column-gap-default\">\n\t\t\t\t\t<div class=\"elementor-column elementor-col-100 elementor-top-column elementor-element elementor-element-d58d2e4\" data-id=\"d58d2e4\" data-element_type=\"column\">\n\t\t\t<div class=\"elementor-widget-wrap elementor-element-populated\">\n\t\t\t\t\t\t\t\t<div class=\"elementor-element elementor-element-ad1b1dc elementor-widget elementor-widget-spacer\" data-id=\"ad1b1dc\" data-element_type=\"widget\" data-widget_type=\"spacer.default\">\n\t\t\t\t<div class=\"elementor-widget-container\">\n\t\t\t\t\t<div class=\"elementor-spacer\">\n\t\t\t<div class=\"elementor-spacer-inner\"><\/div>\n\t\t<\/div>\n\t\t\t\t<\/div>\n\t\t\t\t<\/div>\n\t\t\t\t\t<\/div>\n\t\t<\/div>\n\t\t\t\t\t\t\t<\/div>\n\t\t<\/section>\n\t\t\t\t<section class=\"elementor-section elementor-top-section elementor-element elementor-element-cd1fa16 elementor-reverse-mobile elementor-section-boxed elementor-section-height-default elementor-section-height-default\" data-id=\"cd1fa16\" data-element_type=\"section\">\n\t\t\t\t\t\t<div class=\"elementor-container elementor-column-gap-default\">\n\t\t\t\t\t<div class=\"elementor-column elementor-col-50 elementor-top-column elementor-element elementor-element-f883361\" data-id=\"f883361\" data-element_type=\"column\">\n\t\t\t<div class=\"elementor-widget-wrap elementor-element-populated\">\n\t\t\t\t\t\t\t\t<div class=\"elementor-element elementor-element-02ef2e7 elementor-widget elementor-widget-heading\" data-id=\"02ef2e7\" data-element_type=\"widget\" data-widget_type=\"heading.default\">\n\t\t\t\t<div class=\"elementor-widget-container\">\n\t\t\t<h2 class=\"elementor-heading-title elementor-size-default\">Plein le dos<\/h2>\t\t<\/div>\n\t\t\t\t<\/div>\n\t\t\t\t<div class=\"elementor-element elementor-element-4e7f9b8 elementor-widget elementor-widget-text-editor\" data-id=\"4e7f9b8\" data-element_type=\"widget\" data-widget_type=\"text-editor.default\">\n\t\t\t\t<div class=\"elementor-widget-container\">\n\t\t\t\t\t\t\t<p class=\"font_8\">Modelage de 30 minutes des lombaires \u00e0 la nuque.\u00a0<\/p><p>Pour un moment de l\u00e2cher prise.<\/p>\t\t\t\t\t\t<\/div>\n\t\t\t\t<\/div>\n\t\t\t\t<div class=\"elementor-element elementor-element-6a26702 elementor-widget elementor-widget-spacer\" data-id=\"6a26702\" data-element_type=\"widget\" data-widget_type=\"spacer.default\">\n\t\t\t\t<div class=\"elementor-widget-container\">\n\t\t\t\t\t<div class=\"elementor-spacer\">\n\t\t\t<div class=\"elementor-spacer-inner\"><\/div>\n\t\t<\/div>\n\t\t\t\t<\/div>\n\t\t\t\t<\/div>\n\t\t\t\t<div class=\"elementor-element elementor-element-2d1eda7 elementor-widget__width-auto elementor-widget elementor-widget-heading\" data-id=\"2d1eda7\" data-element_type=\"widget\" data-widget_type=\"heading.default\">\n\t\t\t\t<div class=\"elementor-widget-container\">\n\t\t\t<h2 class=\"elementor-heading-title elementor-size-default\">Tarif : 35 \u20ac<\/h2>\t\t<\/div>\n\t\t\t\t<\/div>\n\t\t\t\t\t<\/div>\n\t\t<\/div>\n\t\t\t\t<div class=\"elementor-column elementor-col-50 elementor-top-column elementor-element elementor-element-18ace21\" data-id=\"18ace21\" data-element_type=\"column\">\n\t\t\t<div class=\"elementor-widget-wrap elementor-element-populated\">\n\t\t\t\t\t\t\t\t<div class=\"elementor-element elementor-element-fcf2225 elementor-widget elementor-widget-image\" data-id=\"fcf2225\" data-element_type=\"widget\" data-widget_type=\"image.default\">\n\t\t\t\t<div class=\"elementor-widget-container\">\n\t\t\t\t\t\t\t\t\t\t\t\t\t\t\t<img loading=\"lazy\" decoding=\"async\" width=\"800\" height=\"546\" src=\"https:\/\/www.avec-jeanne.fr\/wp-content\/uploads\/2023\/09\/cache_42025608.jpeg\" class=\"attachment-large size-large wp-image-134\" alt=\"\" srcset=\"https:\/\/www.avec-jeanne.fr\/wp-content\/uploads\/2023\/09\/cache_42025608.jpeg 800w, https:\/\/www.avec-jeanne.fr\/wp-content\/uploads\/2023\/09\/cache_42025608-300x205.jpeg 300w, https:\/\/www.avec-jeanne.fr\/wp-content\/uploads\/2023\/09\/cache_42025608-768x524.jpeg 768w\" sizes=\"auto, (max-width: 800px) 100vw, 800px\" \/>\t\t\t\t\t\t\t\t\t\t\t\t\t\t\t<\/div>\n\t\t\t\t<\/div>\n\t\t\t\t\t<\/div>\n\t\t<\/div>\n\t\t\t\t\t\t\t<\/div>\n\t\t<\/section>\n\t\t\t\t<section class=\"elementor-section elementor-top-section elementor-element elementor-element-bd819fe elementor-section-boxed elementor-section-height-default elementor-section-height-default\" data-id=\"bd819fe\" data-element_type=\"section\">\n\t\t\t\t\t\t<div class=\"elementor-container elementor-column-gap-default\">\n\t\t\t\t\t<div class=\"elementor-column elementor-col-100 elementor-top-column elementor-element elementor-element-cc465d0\" data-id=\"cc465d0\" data-element_type=\"column\">\n\t\t\t<div class=\"elementor-widget-wrap elementor-element-populated\">\n\t\t\t\t\t\t\t\t<div class=\"elementor-element elementor-element-4612f6b elementor-widget elementor-widget-spacer\" data-id=\"4612f6b\" data-element_type=\"widget\" data-widget_type=\"spacer.default\">\n\t\t\t\t<div class=\"elementor-widget-container\">\n\t\t\t\t\t<div class=\"elementor-spacer\">\n\t\t\t<div class=\"elementor-spacer-inner\"><\/div>\n\t\t<\/div>\n\t\t\t\t<\/div>\n\t\t\t\t<\/div>\n\t\t\t\t\t<\/div>\n\t\t<\/div>\n\t\t\t\t\t\t\t<\/div>\n\t\t<\/section>\n\t\t\t\t<section class=\"elementor-section elementor-top-section elementor-element elementor-element-bc21815 elementor-section-boxed elementor-section-height-default elementor-section-height-default\" data-id=\"bc21815\" data-element_type=\"section\">\n\t\t\t\t\t\t<div class=\"elementor-container elementor-column-gap-default\">\n\t\t\t\t\t<div class=\"elementor-column elementor-col-50 elementor-top-column elementor-element elementor-element-20a2023\" data-id=\"20a2023\" data-element_type=\"column\">\n\t\t\t<div class=\"elementor-widget-wrap elementor-element-populated\">\n\t\t\t\t\t\t\t\t<div class=\"elementor-element elementor-element-4adf925 elementor-widget elementor-widget-image\" data-id=\"4adf925\" data-element_type=\"widget\" data-widget_type=\"image.default\">\n\t\t\t\t<div class=\"elementor-widget-container\">\n\t\t\t\t\t\t\t\t\t\t\t\t\t\t\t<img loading=\"lazy\" decoding=\"async\" width=\"612\" height=\"428\" src=\"https:\/\/www.avec-jeanne.fr\/wp-content\/uploads\/2023\/09\/massage.jpg\" class=\"attachment-large size-large wp-image-136\" alt=\"\" srcset=\"https:\/\/www.avec-jeanne.fr\/wp-content\/uploads\/2023\/09\/massage.jpg 612w, https:\/\/www.avec-jeanne.fr\/wp-content\/uploads\/2023\/09\/massage-300x210.jpg 300w\" sizes=\"auto, (max-width: 612px) 100vw, 612px\" \/>\t\t\t\t\t\t\t\t\t\t\t\t\t\t\t<\/div>\n\t\t\t\t<\/div>\n\t\t\t\t\t<\/div>\n\t\t<\/div>\n\t\t\t\t<div class=\"elementor-column elementor-col-50 elementor-top-column elementor-element elementor-element-2b87063\" data-id=\"2b87063\" data-element_type=\"column\">\n\t\t\t<div class=\"elementor-widget-wrap elementor-element-populated\">\n\t\t\t\t\t\t\t\t<div class=\"elementor-element elementor-element-654925e elementor-widget elementor-widget-heading\" data-id=\"654925e\" data-element_type=\"widget\" data-widget_type=\"heading.default\">\n\t\t\t\t<div class=\"elementor-widget-container\">\n\t\t\t<h2 class=\"elementor-heading-title elementor-size-default\">Ne pas d\u00e9ranger<\/h2>\t\t<\/div>\n\t\t\t\t<\/div>\n\t\t\t\t<div class=\"elementor-element elementor-element-de9a793 elementor-widget elementor-widget-text-editor\" data-id=\"de9a793\" data-element_type=\"widget\" data-widget_type=\"text-editor.default\">\n\t\t\t\t<div class=\"elementor-widget-container\">\n\t\t\t\t\t\t\t<p class=\"font_8\">Modelage sur mesure de 60 minutes, du corps entier.<\/p><p class=\"font_8\">Pour une parenth\u00e8se d\u00e9tente des pieds \u00e0 la t\u00eate.<\/p>\t\t\t\t\t\t<\/div>\n\t\t\t\t<\/div>\n\t\t\t\t<div class=\"elementor-element elementor-element-5387f2f elementor-widget elementor-widget-spacer\" data-id=\"5387f2f\" data-element_type=\"widget\" data-widget_type=\"spacer.default\">\n\t\t\t\t<div class=\"elementor-widget-container\">\n\t\t\t\t\t<div class=\"elementor-spacer\">\n\t\t\t<div class=\"elementor-spacer-inner\"><\/div>\n\t\t<\/div>\n\t\t\t\t<\/div>\n\t\t\t\t<\/div>\n\t\t\t\t<div class=\"elementor-element elementor-element-5d2811e elementor-widget__width-auto elementor-widget elementor-widget-heading\" data-id=\"5d2811e\" data-element_type=\"widget\" data-widget_type=\"heading.default\">\n\t\t\t\t<div class=\"elementor-widget-container\">\n\t\t\t<h2 class=\"elementor-heading-title elementor-size-default\">Tarif : 65 \u20ac<\/h2>\t\t<\/div>\n\t\t\t\t<\/div>\n\t\t\t\t\t<\/div>\n\t\t<\/div>\n\t\t\t\t\t\t\t<\/div>\n\t\t<\/section>\n\t\t\t\t\t\t\t<\/div>\n\t\t","protected":false},"excerpt":{"rendered":"<p>Les soins du corps Allongez-vous et laissez-vous transporter. Petit pause Modelage de 15 minutes de la zone de votre choix : Visage et d\u00e9collet\u00e9 Mains Pieds Jambes Dos Tarif : 20 \u20ac Plein le dos Modelage de 30 minutes des lombaires \u00e0 la nuque. Pour un moment de l\u00e2cher prise. Tarif : 35 \u20ac Ne [&hellip;]<\/p>\n","protected":false},"author":1,"featured_media":0,"parent":0,"menu_order":0,"comment_status":"closed","ping_status":"closed","template":"","meta":{"footnotes":""},"class_list":["post-30","page","type-page","status-publish","hentry","entry"],"yoast_head":"<!-- This site is optimized with the Yoast SEO plugin v21.1 - https:\/\/yoast.com\/wordpress\/plugins\/seo\/ -->\n<title>Avec Jeanne - Soin corps \u00e0 domicile<\/title>\n<meta name=\"description\" content=\"Envie d&#039;un pause d\u00e9tente ? Avec Jeanne vous propose des massages \u00e0 domicile, de 15 - 30 - 60 minutes, adapt\u00e9s \u00e0 vos besoins.\" \/>\n<meta name=\"robots\" content=\"index, follow, max-snippet:-1, max-image-preview:large, max-video-preview:-1\" \/>\n<link rel=\"canonical\" href=\"https:\/\/www.avec-jeanne.fr\/index.php\/soin-corps\/\" \/>\n<meta property=\"og:locale\" content=\"fr_FR\" \/>\n<meta property=\"og:type\" content=\"article\" \/>\n<meta property=\"og:title\" content=\"Avec Jeanne - Soin corps \u00e0 domicile\" \/>\n<meta property=\"og:description\" content=\"Envie d&#039;un pause d\u00e9tente ? Avec Jeanne vous propose des massages \u00e0 domicile, de 15 - 30 - 60 minutes, adapt\u00e9s \u00e0 vos besoins.\" \/>\n<meta property=\"og:url\" content=\"https:\/\/www.avec-jeanne.fr\/index.php\/soin-corps\/\" \/>\n<meta property=\"og:site_name\" content=\"Avec Jeanne\" \/>\n<meta property=\"article:modified_time\" content=\"2023-10-12T11:42:33+00:00\" \/>\n<meta property=\"og:image\" content=\"https:\/\/msryjwr.cluster021.hosting.ovh.net\/wp-content\/uploads\/2023\/09\/oswald-elsaboath-nhEIkQVj0iI-unsplash-1024x683.jpg\" \/>\n<meta name=\"twitter:card\" content=\"summary_large_image\" \/>\n<meta name=\"twitter:label1\" content=\"Dur\u00e9e de lecture estim\u00e9e\" \/>\n\t<meta name=\"twitter:data1\" content=\"1 minute\" \/>\n<script type=\"application\/ld+json\" class=\"yoast-schema-graph\">{\"@context\":\"https:\/\/schema.org\",\"@graph\":[{\"@type\":\"WebPage\",\"@id\":\"https:\/\/www.avec-jeanne.fr\/index.php\/soin-corps\/\",\"url\":\"https:\/\/www.avec-jeanne.fr\/index.php\/soin-corps\/\",\"name\":\"Avec Jeanne - Soin corps \u00e0 domicile\",\"isPartOf\":{\"@id\":\"https:\/\/www.avec-jeanne.fr\/#website\"},\"datePublished\":\"2023-09-07T14:34:08+00:00\",\"dateModified\":\"2023-10-12T11:42:33+00:00\",\"description\":\"Envie d'un pause d\u00e9tente ? Avec Jeanne vous propose des massages \u00e0 domicile, de 15 - 30 - 60 minutes, adapt\u00e9s \u00e0 vos besoins.\",\"breadcrumb\":{\"@id\":\"https:\/\/www.avec-jeanne.fr\/index.php\/soin-corps\/#breadcrumb\"},\"inLanguage\":\"fr-FR\",\"potentialAction\":[{\"@type\":\"ReadAction\",\"target\":[\"https:\/\/www.avec-jeanne.fr\/index.php\/soin-corps\/\"]}]},{\"@type\":\"BreadcrumbList\",\"@id\":\"https:\/\/www.avec-jeanne.fr\/index.php\/soin-corps\/#breadcrumb\",\"itemListElement\":[{\"@type\":\"ListItem\",\"position\":1,\"name\":\"Accueil\",\"item\":\"https:\/\/www.avec-jeanne.fr\/\"},{\"@type\":\"ListItem\",\"position\":2,\"name\":\"Soins du corps\"}]},{\"@type\":\"WebSite\",\"@id\":\"https:\/\/www.avec-jeanne.fr\/#website\",\"url\":\"https:\/\/www.avec-jeanne.fr\/\",\"name\":\"Avec Jeanne\",\"description\":\"Votre esth\u00e9ticienne \u00e0 domicile\",\"publisher\":{\"@id\":\"https:\/\/www.avec-jeanne.fr\/#organization\"},\"potentialAction\":[{\"@type\":\"SearchAction\",\"target\":{\"@type\":\"EntryPoint\",\"urlTemplate\":\"https:\/\/www.avec-jeanne.fr\/?s={search_term_string}\"},\"query-input\":\"required name=search_term_string\"}],\"inLanguage\":\"fr-FR\"},{\"@type\":\"Organization\",\"@id\":\"https:\/\/www.avec-jeanne.fr\/#organization\",\"name\":\"Avec Jeanne\",\"url\":\"https:\/\/www.avec-jeanne.fr\/\",\"logo\":{\"@type\":\"ImageObject\",\"inLanguage\":\"fr-FR\",\"@id\":\"https:\/\/www.avec-jeanne.fr\/#\/schema\/logo\/image\/\",\"url\":\"https:\/\/www.avec-jeanne.fr\/wp-content\/uploads\/2023\/09\/cropped-logo-avec-jeanne-3.png\",\"contentUrl\":\"https:\/\/www.avec-jeanne.fr\/wp-content\/uploads\/2023\/09\/cropped-logo-avec-jeanne-3.png\",\"width\":982,\"height\":981,\"caption\":\"Avec Jeanne\"},\"image\":{\"@id\":\"https:\/\/www.avec-jeanne.fr\/#\/schema\/logo\/image\/\"}}]}<\/script>\n<!-- \/ Yoast SEO plugin. -->","yoast_head_json":{"title":"Avec Jeanne - Soin corps \u00e0 domicile","description":"Envie d'un pause d\u00e9tente ? Avec Jeanne vous propose des massages \u00e0 domicile, de 15 - 30 - 60 minutes, adapt\u00e9s \u00e0 vos besoins.","robots":{"index":"index","follow":"follow","max-snippet":"max-snippet:-1","max-image-preview":"max-image-preview:large","max-video-preview":"max-video-preview:-1"},"canonical":"https:\/\/www.avec-jeanne.fr\/index.php\/soin-corps\/","og_locale":"fr_FR","og_type":"article","og_title":"Avec Jeanne - Soin corps \u00e0 domicile","og_description":"Envie d'un pause d\u00e9tente ? Avec Jeanne vous propose des massages \u00e0 domicile, de 15 - 30 - 60 minutes, adapt\u00e9s \u00e0 vos besoins.","og_url":"https:\/\/www.avec-jeanne.fr\/index.php\/soin-corps\/","og_site_name":"Avec Jeanne","article_modified_time":"2023-10-12T11:42:33+00:00","og_image":[{"url":"https:\/\/msryjwr.cluster021.hosting.ovh.net\/wp-content\/uploads\/2023\/09\/oswald-elsaboath-nhEIkQVj0iI-unsplash-1024x683.jpg"}],"twitter_card":"summary_large_image","twitter_misc":{"Dur\u00e9e de lecture estim\u00e9e":"1 minute"},"schema":{"@context":"https:\/\/schema.org","@graph":[{"@type":"WebPage","@id":"https:\/\/www.avec-jeanne.fr\/index.php\/soin-corps\/","url":"https:\/\/www.avec-jeanne.fr\/index.php\/soin-corps\/","name":"Avec Jeanne - Soin corps \u00e0 domicile","isPartOf":{"@id":"https:\/\/www.avec-jeanne.fr\/#website"},"datePublished":"2023-09-07T14:34:08+00:00","dateModified":"2023-10-12T11:42:33+00:00","description":"Envie d'un pause d\u00e9tente ? Avec Jeanne vous propose des massages \u00e0 domicile, de 15 - 30 - 60 minutes, adapt\u00e9s \u00e0 vos besoins.","breadcrumb":{"@id":"https:\/\/www.avec-jeanne.fr\/index.php\/soin-corps\/#breadcrumb"},"inLanguage":"fr-FR","potentialAction":[{"@type":"ReadAction","target":["https:\/\/www.avec-jeanne.fr\/index.php\/soin-corps\/"]}]},{"@type":"BreadcrumbList","@id":"https:\/\/www.avec-jeanne.fr\/index.php\/soin-corps\/#breadcrumb","itemListElement":[{"@type":"ListItem","position":1,"name":"Accueil","item":"https:\/\/www.avec-jeanne.fr\/"},{"@type":"ListItem","position":2,"name":"Soins du corps"}]},{"@type":"WebSite","@id":"https:\/\/www.avec-jeanne.fr\/#website","url":"https:\/\/www.avec-jeanne.fr\/","name":"Avec Jeanne","description":"Votre esth\u00e9ticienne \u00e0 domicile","publisher":{"@id":"https:\/\/www.avec-jeanne.fr\/#organization"},"potentialAction":[{"@type":"SearchAction","target":{"@type":"EntryPoint","urlTemplate":"https:\/\/www.avec-jeanne.fr\/?s={search_term_string}"},"query-input":"required name=search_term_string"}],"inLanguage":"fr-FR"},{"@type":"Organization","@id":"https:\/\/www.avec-jeanne.fr\/#organization","name":"Avec Jeanne","url":"https:\/\/www.avec-jeanne.fr\/","logo":{"@type":"ImageObject","inLanguage":"fr-FR","@id":"https:\/\/www.avec-jeanne.fr\/#\/schema\/logo\/image\/","url":"https:\/\/www.avec-jeanne.fr\/wp-content\/uploads\/2023\/09\/cropped-logo-avec-jeanne-3.png","contentUrl":"https:\/\/www.avec-jeanne.fr\/wp-content\/uploads\/2023\/09\/cropped-logo-avec-jeanne-3.png","width":982,"height":981,"caption":"Avec Jeanne"},"image":{"@id":"https:\/\/www.avec-jeanne.fr\/#\/schema\/logo\/image\/"}}]}},"jetpack_sharing_enabled":true,"_links":{"self":[{"href":"https:\/\/www.avec-jeanne.fr\/index.php\/wp-json\/wp\/v2\/pages\/30","targetHints":{"allow":["GET"]}}],"collection":[{"href":"https:\/\/www.avec-jeanne.fr\/index.php\/wp-json\/wp\/v2\/pages"}],"about":[{"href":"https:\/\/www.avec-jeanne.fr\/index.php\/wp-json\/wp\/v2\/types\/page"}],"author":[{"embeddable":true,"href":"https:\/\/www.avec-jeanne.fr\/index.php\/wp-json\/wp\/v2\/users\/1"}],"replies":[{"embeddable":true,"href":"https:\/\/www.avec-jeanne.fr\/index.php\/wp-json\/wp\/v2\/comments?post=30"}],"version-history":[{"count":23,"href":"https:\/\/www.avec-jeanne.fr\/index.php\/wp-json\/wp\/v2\/pages\/30\/revisions"}],"predecessor-version":[{"id":373,"href":"https:\/\/www.avec-jeanne.fr\/index.php\/wp-json\/wp\/v2\/pages\/30\/revisions\/373"}],"wp:attachment":[{"href":"https:\/\/www.avec-jeanne.fr\/index.php\/wp-json\/wp\/v2\/media?parent=30"}],"curies":[{"name":"wp","href":"https:\/\/api.w.org\/{rel}","templated":true}]}}