{"id":36,"date":"2023-09-07T16:34:56","date_gmt":"2023-09-07T14:34:56","guid":{"rendered":"http:\/\/msryjwr.cluster021.hosting.ovh.net\/?page_id=36"},"modified":"2023-11-01T15:49:30","modified_gmt":"2023-11-01T14:49:30","slug":"contact","status":"publish","type":"page","link":"https:\/\/www.avec-jeanne.fr\/index.php\/contact\/","title":{"rendered":"Contact"},"content":{"rendered":"\t\t<div data-elementor-type=\"wp-page\" data-elementor-id=\"36\" class=\"elementor elementor-36\">\n\t\t\t\t\t\t\t\t\t<section class=\"elementor-section elementor-top-section elementor-element elementor-element-169b5e2 elementor-section-boxed elementor-section-height-default elementor-section-height-default\" data-id=\"169b5e2\" data-element_type=\"section\">\n\t\t\t\t\t\t<div class=\"elementor-container elementor-column-gap-default\">\n\t\t\t\t\t<div class=\"elementor-column elementor-col-100 elementor-top-column elementor-element elementor-element-66ed6bb\" data-id=\"66ed6bb\" data-element_type=\"column\">\n\t\t\t<div class=\"elementor-widget-wrap elementor-element-populated\">\n\t\t\t\t\t\t\t\t<div class=\"elementor-element elementor-element-bf41220 elementor-widget elementor-widget-heading\" data-id=\"bf41220\" data-element_type=\"widget\" data-widget_type=\"heading.default\">\n\t\t\t\t<div class=\"elementor-widget-container\">\n\t\t\t<style>\/*! elementor - v3.15.0 - 20-08-2023 *\/\n.elementor-heading-title{padding:0;margin:0;line-height:1}.elementor-widget-heading .elementor-heading-title[class*=elementor-size-]>a{color:inherit;font-size:inherit;line-height:inherit}.elementor-widget-heading .elementor-heading-title.elementor-size-small{font-size:15px}.elementor-widget-heading .elementor-heading-title.elementor-size-medium{font-size:19px}.elementor-widget-heading .elementor-heading-title.elementor-size-large{font-size:29px}.elementor-widget-heading .elementor-heading-title.elementor-size-xl{font-size:39px}.elementor-widget-heading .elementor-heading-title.elementor-size-xxl{font-size:59px}<\/style><h2 class=\"elementor-heading-title elementor-size-default\">Me contacter<\/h2>\t\t<\/div>\n\t\t\t\t<\/div>\n\t\t\t\t\t<\/div>\n\t\t<\/div>\n\t\t\t\t\t\t\t<\/div>\n\t\t<\/section>\n\t\t\t\t<section class=\"elementor-section elementor-top-section elementor-element elementor-element-920ea82 elementor-section-boxed elementor-section-height-default elementor-section-height-default\" data-id=\"920ea82\" data-element_type=\"section\">\n\t\t\t\t\t\t<div class=\"elementor-container elementor-column-gap-default\">\n\t\t\t\t\t<div class=\"elementor-column elementor-col-100 elementor-top-column elementor-element elementor-element-3f4db65\" data-id=\"3f4db65\" data-element_type=\"column\">\n\t\t\t<div class=\"elementor-widget-wrap elementor-element-populated\">\n\t\t\t\t\t\t\t\t<div class=\"elementor-element elementor-element-40e9a30 elementor-widget elementor-widget-text-editor\" data-id=\"40e9a30\" data-element_type=\"widget\" data-widget_type=\"text-editor.default\">\n\t\t\t\t<div class=\"elementor-widget-container\">\n\t\t\t<style>\/*! elementor - v3.15.0 - 20-08-2023 *\/\n.elementor-widget-text-editor.elementor-drop-cap-view-stacked .elementor-drop-cap{background-color:#69727d;color:#fff}.elementor-widget-text-editor.elementor-drop-cap-view-framed .elementor-drop-cap{color:#69727d;border:3px solid;background-color:transparent}.elementor-widget-text-editor:not(.elementor-drop-cap-view-default) .elementor-drop-cap{margin-top:8px}.elementor-widget-text-editor:not(.elementor-drop-cap-view-default) .elementor-drop-cap-letter{width:1em;height:1em}.elementor-widget-text-editor .elementor-drop-cap{float:left;text-align:center;line-height:1;font-size:50px}.elementor-widget-text-editor .elementor-drop-cap-letter{display:inline-block}<\/style>\t\t\t\t<p>Prise de rendez &#8211; vous\u00a0<\/p><p>Conseils beaut\u00e9<\/p>\t\t\t\t\t\t<\/div>\n\t\t\t\t<\/div>\n\t\t\t\t\t<\/div>\n\t\t<\/div>\n\t\t\t\t\t\t\t<\/div>\n\t\t<\/section>\n\t\t\t\t<section class=\"elementor-section elementor-top-section elementor-element elementor-element-8f87d19 elementor-section-boxed elementor-section-height-default elementor-section-height-default\" data-id=\"8f87d19\" data-element_type=\"section\">\n\t\t\t\t\t\t<div class=\"elementor-container elementor-column-gap-default\">\n\t\t\t\t\t<div class=\"elementor-column elementor-col-100 elementor-top-column elementor-element elementor-element-4f21dfb\" data-id=\"4f21dfb\" data-element_type=\"column\">\n\t\t\t<div class=\"elementor-widget-wrap elementor-element-populated\">\n\t\t\t\t\t\t\t\t<div class=\"elementor-element elementor-element-9afaf90 elementor-widget elementor-widget-spacer\" data-id=\"9afaf90\" data-element_type=\"widget\" data-widget_type=\"spacer.default\">\n\t\t\t\t<div class=\"elementor-widget-container\">\n\t\t\t<style>\/*! elementor - v3.15.0 - 20-08-2023 *\/\n.elementor-column .elementor-spacer-inner{height:var(--spacer-size)}.e-con{--container-widget-width:100%}.e-con-inner>.elementor-widget-spacer,.e-con>.elementor-widget-spacer{width:var(--container-widget-width,var(--spacer-size));--align-self:var(--container-widget-align-self,initial);--flex-shrink:0}.e-con-inner>.elementor-widget-spacer>.elementor-widget-container,.e-con-inner>.elementor-widget-spacer>.elementor-widget-container>.elementor-spacer,.e-con>.elementor-widget-spacer>.elementor-widget-container,.e-con>.elementor-widget-spacer>.elementor-widget-container>.elementor-spacer{height:100%}.e-con-inner>.elementor-widget-spacer>.elementor-widget-container>.elementor-spacer>.elementor-spacer-inner,.e-con>.elementor-widget-spacer>.elementor-widget-container>.elementor-spacer>.elementor-spacer-inner{height:var(--container-widget-height,var(--spacer-size))}<\/style>\t\t<div class=\"elementor-spacer\">\n\t\t\t<div class=\"elementor-spacer-inner\"><\/div>\n\t\t<\/div>\n\t\t\t\t<\/div>\n\t\t\t\t<\/div>\n\t\t\t\t\t<\/div>\n\t\t<\/div>\n\t\t\t\t\t\t\t<\/div>\n\t\t<\/section>\n\t\t\t\t<section class=\"elementor-section elementor-top-section elementor-element elementor-element-e9ea65b elementor-section-boxed elementor-section-height-default elementor-section-height-default\" data-id=\"e9ea65b\" data-element_type=\"section\">\n\t\t\t\t\t\t<div class=\"elementor-container elementor-column-gap-default\">\n\t\t\t\t\t<div class=\"elementor-column elementor-col-50 elementor-top-column elementor-element elementor-element-251ebde\" data-id=\"251ebde\" data-element_type=\"column\">\n\t\t\t<div class=\"elementor-widget-wrap elementor-element-populated\">\n\t\t\t\t\t\t\t\t<div class=\"elementor-element elementor-element-87d3da2 elementor-widget elementor-widget-heading\" data-id=\"87d3da2\" data-element_type=\"widget\" data-widget_type=\"heading.default\">\n\t\t\t\t<div class=\"elementor-widget-container\">\n\t\t\t<h2 class=\"elementor-heading-title elementor-size-default\">T\u00e9l\u00e9phone \/ Sms<\/h2>\t\t<\/div>\n\t\t\t\t<\/div>\n\t\t\t\t<div class=\"elementor-element elementor-element-66a128c elementor-widget elementor-widget-spacer\" data-id=\"66a128c\" data-element_type=\"widget\" data-widget_type=\"spacer.default\">\n\t\t\t\t<div class=\"elementor-widget-container\">\n\t\t\t\t\t<div class=\"elementor-spacer\">\n\t\t\t<div class=\"elementor-spacer-inner\"><\/div>\n\t\t<\/div>\n\t\t\t\t<\/div>\n\t\t\t\t<\/div>\n\t\t\t\t\t<\/div>\n\t\t<\/div>\n\t\t\t\t<div class=\"elementor-column elementor-col-50 elementor-top-column elementor-element elementor-element-c7a8fd7\" data-id=\"c7a8fd7\" data-element_type=\"column\">\n\t\t\t<div class=\"elementor-widget-wrap elementor-element-populated\">\n\t\t\t\t\t\t\t\t<div class=\"elementor-element elementor-element-cc3dcf2 elementor-widget elementor-widget-heading\" data-id=\"cc3dcf2\" data-element_type=\"widget\" data-widget_type=\"heading.default\">\n\t\t\t\t<div class=\"elementor-widget-container\">\n\t\t\t<h2 class=\"elementor-heading-title elementor-size-default\">Mail<\/h2>\t\t<\/div>\n\t\t\t\t<\/div>\n\t\t\t\t<div class=\"elementor-element elementor-element-a021676 elementor-widget elementor-widget-spacer\" data-id=\"a021676\" data-element_type=\"widget\" data-widget_type=\"spacer.default\">\n\t\t\t\t<div class=\"elementor-widget-container\">\n\t\t\t\t\t<div class=\"elementor-spacer\">\n\t\t\t<div class=\"elementor-spacer-inner\"><\/div>\n\t\t<\/div>\n\t\t\t\t<\/div>\n\t\t\t\t<\/div>\n\t\t\t\t\t<\/div>\n\t\t<\/div>\n\t\t\t\t\t\t\t<\/div>\n\t\t<\/section>\n\t\t\t\t<section class=\"elementor-section elementor-top-section elementor-element elementor-element-2a0f7b5 elementor-section-boxed elementor-section-height-default elementor-section-height-default\" data-id=\"2a0f7b5\" data-element_type=\"section\">\n\t\t\t\t\t\t<div class=\"elementor-container elementor-column-gap-default\">\n\t\t\t\t\t<div class=\"elementor-column elementor-col-50 elementor-top-column elementor-element elementor-element-9a46601\" data-id=\"9a46601\" data-element_type=\"column\">\n\t\t\t<div class=\"elementor-widget-wrap elementor-element-populated\">\n\t\t\t\t\t\t\t\t<div class=\"elementor-element elementor-element-80d6f8b elementor-widget elementor-widget-heading\" data-id=\"80d6f8b\" data-element_type=\"widget\" data-widget_type=\"heading.default\">\n\t\t\t\t<div class=\"elementor-widget-container\">\n\t\t\t<h2 class=\"elementor-heading-title elementor-size-default\">06.27.77.53.17<\/h2>\t\t<\/div>\n\t\t\t\t<\/div>\n\t\t\t\t\t<\/div>\n\t\t<\/div>\n\t\t\t\t<div class=\"elementor-column elementor-col-50 elementor-top-column elementor-element elementor-element-9dbc34c\" data-id=\"9dbc34c\" data-element_type=\"column\">\n\t\t\t<div class=\"elementor-widget-wrap elementor-element-populated\">\n\t\t\t\t\t\t\t\t<div class=\"elementor-element elementor-element-cf1473e elementor-widget elementor-widget-heading\" data-id=\"cf1473e\" data-element_type=\"widget\" data-widget_type=\"heading.default\">\n\t\t\t\t<div class=\"elementor-widget-container\">\n\t\t\t<h2 class=\"elementor-heading-title elementor-size-default\">avecjeanneadomicile@gmail.com<\/h2>\t\t<\/div>\n\t\t\t\t<\/div>\n\t\t\t\t\t<\/div>\n\t\t<\/div>\n\t\t\t\t\t\t\t<\/div>\n\t\t<\/section>\n\t\t\t\t<section class=\"elementor-section elementor-top-section elementor-element elementor-element-e59d5e5 elementor-section-boxed elementor-section-height-default elementor-section-height-default\" data-id=\"e59d5e5\" data-element_type=\"section\">\n\t\t\t\t\t\t<div class=\"elementor-container elementor-column-gap-default\">\n\t\t\t\t\t<div class=\"elementor-column elementor-col-100 elementor-top-column elementor-element elementor-element-22eaf5c\" data-id=\"22eaf5c\" data-element_type=\"column\">\n\t\t\t<div class=\"elementor-widget-wrap elementor-element-populated\">\n\t\t\t\t\t\t\t\t<div class=\"elementor-element elementor-element-b9cf46f elementor-widget elementor-widget-spacer\" data-id=\"b9cf46f\" data-element_type=\"widget\" data-widget_type=\"spacer.default\">\n\t\t\t\t<div class=\"elementor-widget-container\">\n\t\t\t\t\t<div class=\"elementor-spacer\">\n\t\t\t<div class=\"elementor-spacer-inner\"><\/div>\n\t\t<\/div>\n\t\t\t\t<\/div>\n\t\t\t\t<\/div>\n\t\t\t\t\t<\/div>\n\t\t<\/div>\n\t\t\t\t\t\t\t<\/div>\n\t\t<\/section>\n\t\t\t\t<section class=\"elementor-section elementor-top-section elementor-element elementor-element-ecd1bb8 elementor-section-boxed elementor-section-height-default elementor-section-height-default\" data-id=\"ecd1bb8\" data-element_type=\"section\">\n\t\t\t\t\t\t<div class=\"elementor-container elementor-column-gap-default\">\n\t\t\t\t\t<div class=\"elementor-column elementor-col-100 elementor-top-column elementor-element elementor-element-bd2f5d2\" data-id=\"bd2f5d2\" data-element_type=\"column\">\n\t\t\t<div class=\"elementor-widget-wrap elementor-element-populated\">\n\t\t\t\t\t\t\t\t<div class=\"elementor-element elementor-element-cb6601e elementor-widget elementor-widget-heading\" data-id=\"cb6601e\" data-element_type=\"widget\" data-widget_type=\"heading.default\">\n\t\t\t\t<div class=\"elementor-widget-container\">\n\t\t\t<h2 class=\"elementor-heading-title elementor-size-default\">D\u00e9placement<\/h2>\t\t<\/div>\n\t\t\t\t<\/div>\n\t\t\t\t\t<\/div>\n\t\t<\/div>\n\t\t\t\t\t\t\t<\/div>\n\t\t<\/section>\n\t\t\t\t<section class=\"elementor-section elementor-top-section elementor-element elementor-element-ad9a8d2 elementor-section-boxed elementor-section-height-default elementor-section-height-default\" data-id=\"ad9a8d2\" data-element_type=\"section\">\n\t\t\t\t\t\t<div class=\"elementor-container elementor-column-gap-default\">\n\t\t\t\t\t<div class=\"elementor-column elementor-col-100 elementor-top-column elementor-element elementor-element-643304d\" data-id=\"643304d\" data-element_type=\"column\">\n\t\t\t<div class=\"elementor-widget-wrap elementor-element-populated\">\n\t\t\t\t\t\t\t\t<div class=\"elementor-element elementor-element-9ce0507 elementor-widget elementor-widget-text-editor\" data-id=\"9ce0507\" data-element_type=\"widget\" data-widget_type=\"text-editor.default\">\n\t\t\t\t<div class=\"elementor-widget-container\">\n\t\t\t\t\t\t\t\t\t\t\t\t\t<\/div>\n\t\t\t\t<\/div>\n\t\t\t\t\t<\/div>\n\t\t<\/div>\n\t\t\t\t\t\t\t<\/div>\n\t\t<\/section>\n\t\t\t\t<section class=\"elementor-section elementor-top-section elementor-element elementor-element-67e0b28 elementor-section-boxed elementor-section-height-default elementor-section-height-default\" data-id=\"67e0b28\" data-element_type=\"section\">\n\t\t\t\t\t\t<div class=\"elementor-container elementor-column-gap-default\">\n\t\t\t\t\t<div class=\"elementor-column elementor-col-100 elementor-top-column elementor-element elementor-element-d96fe21\" data-id=\"d96fe21\" data-element_type=\"column\">\n\t\t\t<div class=\"elementor-widget-wrap elementor-element-populated\">\n\t\t\t\t\t\t\t\t<div class=\"elementor-element elementor-element-d4f1e3d elementor-widget elementor-widget-text-editor\" data-id=\"d4f1e3d\" data-element_type=\"widget\" data-widget_type=\"text-editor.default\">\n\t\t\t\t<div class=\"elementor-widget-container\">\n\t\t\t\t\t\t\t<p>Je me d\u00e9place sur Lomme, Lambersart, Sequedin, Saint Andr\u00e9 Lez Lille, Marquette, La Madeleine, Verlinghem, Capinghem.<\/p><p>Des frais de d\u00e9placements sont appliqu\u00e9s, \u00e0 hauteur de 5\u20ac.<\/p><p>Pour chaque d\u00e9placement, un montant minimum de 25\u20ac de prestation est demand\u00e9.\u00a0<\/p>\t\t\t\t\t\t<\/div>\n\t\t\t\t<\/div>\n\t\t\t\t\t<\/div>\n\t\t<\/div>\n\t\t\t\t\t\t\t<\/div>\n\t\t<\/section>\n\t\t\t\t\t\t\t<\/div>\n\t\t","protected":false},"excerpt":{"rendered":"<p>Me contacter Prise de rendez &#8211; vous\u00a0 Conseils beaut\u00e9 T\u00e9l\u00e9phone \/ Sms Mail 06.27.77.53.17 avecjeanneadomicile@gmail.com D\u00e9placement Je me d\u00e9place sur Lomme, Lambersart, Sequedin, Saint Andr\u00e9 Lez Lille, Marquette, La Madeleine, Verlinghem, Capinghem. Des frais de d\u00e9placements sont appliqu\u00e9s, \u00e0 hauteur de 5\u20ac. Pour chaque d\u00e9placement, un montant minimum de 25\u20ac de prestation est demand\u00e9.\u00a0<\/p>\n","protected":false},"author":1,"featured_media":0,"parent":0,"menu_order":0,"comment_status":"closed","ping_status":"closed","template":"","meta":{"footnotes":""},"class_list":["post-36","page","type-page","status-publish","hentry","entry"],"yoast_head":"<!-- This site is optimized with the Yoast SEO plugin v21.1 - https:\/\/yoast.com\/wordpress\/plugins\/seo\/ -->\n<title>Contact - Avec Jeanne<\/title>\n<meta name=\"robots\" content=\"index, follow, max-snippet:-1, max-image-preview:large, max-video-preview:-1\" \/>\n<link rel=\"canonical\" href=\"https:\/\/www.avec-jeanne.fr\/index.php\/contact\/\" \/>\n<meta property=\"og:locale\" content=\"fr_FR\" \/>\n<meta property=\"og:type\" content=\"article\" \/>\n<meta property=\"og:title\" content=\"Contact - Avec Jeanne\" \/>\n<meta property=\"og:description\" content=\"Me contacter Prise de rendez &#8211; vous\u00a0 Conseils beaut\u00e9 T\u00e9l\u00e9phone \/ Sms Mail 06.27.77.53.17 avecjeanneadomicile@gmail.com D\u00e9placement Je me d\u00e9place sur Lomme, Lambersart, Sequedin, Saint Andr\u00e9 Lez Lille, Marquette, La Madeleine, Verlinghem, Capinghem. Des frais de d\u00e9placements sont appliqu\u00e9s, \u00e0 hauteur de 5\u20ac. Pour chaque d\u00e9placement, un montant minimum de 25\u20ac de prestation est demand\u00e9.\u00a0\" \/>\n<meta property=\"og:url\" content=\"https:\/\/www.avec-jeanne.fr\/index.php\/contact\/\" \/>\n<meta property=\"og:site_name\" content=\"Avec Jeanne\" \/>\n<meta property=\"article:modified_time\" content=\"2023-11-01T14:49:30+00:00\" \/>\n<meta name=\"twitter:card\" content=\"summary_large_image\" \/>\n<meta name=\"twitter:label1\" content=\"Dur\u00e9e de lecture estim\u00e9e\" \/>\n\t<meta name=\"twitter:data1\" content=\"1 minute\" \/>\n<script type=\"application\/ld+json\" class=\"yoast-schema-graph\">{\"@context\":\"https:\/\/schema.org\",\"@graph\":[{\"@type\":\"WebPage\",\"@id\":\"https:\/\/www.avec-jeanne.fr\/index.php\/contact\/\",\"url\":\"https:\/\/www.avec-jeanne.fr\/index.php\/contact\/\",\"name\":\"Contact - Avec Jeanne\",\"isPartOf\":{\"@id\":\"https:\/\/www.avec-jeanne.fr\/#website\"},\"datePublished\":\"2023-09-07T14:34:56+00:00\",\"dateModified\":\"2023-11-01T14:49:30+00:00\",\"breadcrumb\":{\"@id\":\"https:\/\/www.avec-jeanne.fr\/index.php\/contact\/#breadcrumb\"},\"inLanguage\":\"fr-FR\",\"potentialAction\":[{\"@type\":\"ReadAction\",\"target\":[\"https:\/\/www.avec-jeanne.fr\/index.php\/contact\/\"]}]},{\"@type\":\"BreadcrumbList\",\"@id\":\"https:\/\/www.avec-jeanne.fr\/index.php\/contact\/#breadcrumb\",\"itemListElement\":[{\"@type\":\"ListItem\",\"position\":1,\"name\":\"Accueil\",\"item\":\"https:\/\/www.avec-jeanne.fr\/\"},{\"@type\":\"ListItem\",\"position\":2,\"name\":\"Contact\"}]},{\"@type\":\"WebSite\",\"@id\":\"https:\/\/www.avec-jeanne.fr\/#website\",\"url\":\"https:\/\/www.avec-jeanne.fr\/\",\"name\":\"Avec Jeanne\",\"description\":\"Votre esth\u00e9ticienne \u00e0 domicile\",\"publisher\":{\"@id\":\"https:\/\/www.avec-jeanne.fr\/#organization\"},\"potentialAction\":[{\"@type\":\"SearchAction\",\"target\":{\"@type\":\"EntryPoint\",\"urlTemplate\":\"https:\/\/www.avec-jeanne.fr\/?s={search_term_string}\"},\"query-input\":\"required name=search_term_string\"}],\"inLanguage\":\"fr-FR\"},{\"@type\":\"Organization\",\"@id\":\"https:\/\/www.avec-jeanne.fr\/#organization\",\"name\":\"Avec Jeanne\",\"url\":\"https:\/\/www.avec-jeanne.fr\/\",\"logo\":{\"@type\":\"ImageObject\",\"inLanguage\":\"fr-FR\",\"@id\":\"https:\/\/www.avec-jeanne.fr\/#\/schema\/logo\/image\/\",\"url\":\"https:\/\/www.avec-jeanne.fr\/wp-content\/uploads\/2023\/09\/cropped-logo-avec-jeanne-3.png\",\"contentUrl\":\"https:\/\/www.avec-jeanne.fr\/wp-content\/uploads\/2023\/09\/cropped-logo-avec-jeanne-3.png\",\"width\":982,\"height\":981,\"caption\":\"Avec Jeanne\"},\"image\":{\"@id\":\"https:\/\/www.avec-jeanne.fr\/#\/schema\/logo\/image\/\"}}]}<\/script>\n<!-- \/ Yoast SEO plugin. -->","yoast_head_json":{"title":"Contact - Avec Jeanne","robots":{"index":"index","follow":"follow","max-snippet":"max-snippet:-1","max-image-preview":"max-image-preview:large","max-video-preview":"max-video-preview:-1"},"canonical":"https:\/\/www.avec-jeanne.fr\/index.php\/contact\/","og_locale":"fr_FR","og_type":"article","og_title":"Contact - Avec Jeanne","og_description":"Me contacter Prise de rendez &#8211; vous\u00a0 Conseils beaut\u00e9 T\u00e9l\u00e9phone \/ Sms Mail 06.27.77.53.17 avecjeanneadomicile@gmail.com D\u00e9placement Je me d\u00e9place sur Lomme, Lambersart, Sequedin, Saint Andr\u00e9 Lez Lille, Marquette, La Madeleine, Verlinghem, Capinghem. Des frais de d\u00e9placements sont appliqu\u00e9s, \u00e0 hauteur de 5\u20ac. Pour chaque d\u00e9placement, un montant minimum de 25\u20ac de prestation est demand\u00e9.\u00a0","og_url":"https:\/\/www.avec-jeanne.fr\/index.php\/contact\/","og_site_name":"Avec Jeanne","article_modified_time":"2023-11-01T14:49:30+00:00","twitter_card":"summary_large_image","twitter_misc":{"Dur\u00e9e de lecture estim\u00e9e":"1 minute"},"schema":{"@context":"https:\/\/schema.org","@graph":[{"@type":"WebPage","@id":"https:\/\/www.avec-jeanne.fr\/index.php\/contact\/","url":"https:\/\/www.avec-jeanne.fr\/index.php\/contact\/","name":"Contact - Avec Jeanne","isPartOf":{"@id":"https:\/\/www.avec-jeanne.fr\/#website"},"datePublished":"2023-09-07T14:34:56+00:00","dateModified":"2023-11-01T14:49:30+00:00","breadcrumb":{"@id":"https:\/\/www.avec-jeanne.fr\/index.php\/contact\/#breadcrumb"},"inLanguage":"fr-FR","potentialAction":[{"@type":"ReadAction","target":["https:\/\/www.avec-jeanne.fr\/index.php\/contact\/"]}]},{"@type":"BreadcrumbList","@id":"https:\/\/www.avec-jeanne.fr\/index.php\/contact\/#breadcrumb","itemListElement":[{"@type":"ListItem","position":1,"name":"Accueil","item":"https:\/\/www.avec-jeanne.fr\/"},{"@type":"ListItem","position":2,"name":"Contact"}]},{"@type":"WebSite","@id":"https:\/\/www.avec-jeanne.fr\/#website","url":"https:\/\/www.avec-jeanne.fr\/","name":"Avec Jeanne","description":"Votre esth\u00e9ticienne \u00e0 domicile","publisher":{"@id":"https:\/\/www.avec-jeanne.fr\/#organization"},"potentialAction":[{"@type":"SearchAction","target":{"@type":"EntryPoint","urlTemplate":"https:\/\/www.avec-jeanne.fr\/?s={search_term_string}"},"query-input":"required name=search_term_string"}],"inLanguage":"fr-FR"},{"@type":"Organization","@id":"https:\/\/www.avec-jeanne.fr\/#organization","name":"Avec Jeanne","url":"https:\/\/www.avec-jeanne.fr\/","logo":{"@type":"ImageObject","inLanguage":"fr-FR","@id":"https:\/\/www.avec-jeanne.fr\/#\/schema\/logo\/image\/","url":"https:\/\/www.avec-jeanne.fr\/wp-content\/uploads\/2023\/09\/cropped-logo-avec-jeanne-3.png","contentUrl":"https:\/\/www.avec-jeanne.fr\/wp-content\/uploads\/2023\/09\/cropped-logo-avec-jeanne-3.png","width":982,"height":981,"caption":"Avec Jeanne"},"image":{"@id":"https:\/\/www.avec-jeanne.fr\/#\/schema\/logo\/image\/"}}]}},"jetpack_sharing_enabled":true,"_links":{"self":[{"href":"https:\/\/www.avec-jeanne.fr\/index.php\/wp-json\/wp\/v2\/pages\/36","targetHints":{"allow":["GET"]}}],"collection":[{"href":"https:\/\/www.avec-jeanne.fr\/index.php\/wp-json\/wp\/v2\/pages"}],"about":[{"href":"https:\/\/www.avec-jeanne.fr\/index.php\/wp-json\/wp\/v2\/types\/page"}],"author":[{"embeddable":true,"href":"https:\/\/www.avec-jeanne.fr\/index.php\/wp-json\/wp\/v2\/users\/1"}],"replies":[{"embeddable":true,"href":"https:\/\/www.avec-jeanne.fr\/index.php\/wp-json\/wp\/v2\/comments?post=36"}],"version-history":[{"count":16,"href":"https:\/\/www.avec-jeanne.fr\/index.php\/wp-json\/wp\/v2\/pages\/36\/revisions"}],"predecessor-version":[{"id":381,"href":"https:\/\/www.avec-jeanne.fr\/index.php\/wp-json\/wp\/v2\/pages\/36\/revisions\/381"}],"wp:attachment":[{"href":"https:\/\/www.avec-jeanne.fr\/index.php\/wp-json\/wp\/v2\/media?parent=36"}],"curies":[{"name":"wp","href":"https:\/\/api.w.org\/{rel}","templated":true}]}}